{"id":1504,"date":"2022-02-10T09:56:46","date_gmt":"2022-02-10T08:56:46","guid":{"rendered":"http:\/\/skogsmonitorwebsite.skyddaskogen.se\/myter-och-missuppfattningar\/"},"modified":"2025-11-26T11:34:38","modified_gmt":"2025-11-26T10:34:38","slug":"explore-the-map","status":"publish","type":"page","link":"https:\/\/skogsmonitor.se\/en\/explore-the-map\/","title":{"rendered":"Explore the map"},"content":{"rendered":"<p>Below you can explore the map. You can turn different layers on and off. These can be found at the top right corner of the map. You can zoom in and out and move around on the map. You can also draw and make measurements on the map, as well as share and export maps.<\/p>\n<p>You can also view species findings of conservation interest. To do this, draw a shape using the drawing tool in the menu on the right, then click the button with the leaf icon in the menu on the left. Additionally, you can search for a location or a specific logging notification by clicking the button with the magnifying glass. Watch <a href=\"https:\/\/www.youtube.com\/watch?v=Gk9brPNpuDM&#038;t=2s\" target=\"_blank\">this video<\/a> that explains how the map service works.<\/p>\n<p><strong><a class=\"mapbtn\" title=\"\u00d6ppna kartan i helsk\u00e4rm\" href=\"https:\/\/karta.skogsmonitor.se\/?background=GoogleSatellite&amp;lat=63.03212&amp;layers=&amp;lng=17.46537&amp;zoom=5&#038;language=en\">View map in full screen<\/a><\/strong><\/p>\n<p><iframe loading=\"lazy\" class=\"wuksD5\" title=\"https:\/\/kartbild.com\/#14\/63.0093\/17.7971\/0x4\" src=\"https:\/\/karta.skogsmonitor.se\/?background=GoogleSatellite&amp;lat=63.03212&amp;layers=9-6&amp;lng=17.46537&amp;zoom=5&#038;language=en\" name=\"htmlComp-iframe\" width=\"500px\" height=\"600px\" data-src=\"\"><\/iframe><\/p>\n<div style=\"background-color: #d3d3d3; padding: 15px; border-radius: 5px;\">\n<h6>The different map layers consist partly of Forest Monitor&#8217;s 2.0 layer with potential older forest and continuity forest in southern Sweden, which is classified into three classes based on known and open data on whether the forests contain high conservation values or probable conservation values. Note! This first version contains an overestimation of the area of older forest, but at the same time also an underestimation of forests with high conservation values. The maping of Kalmar County and \u00d6rebro County has been refined and has a lower degree of error. In addition to our own data, there are modified versions of the Swedish Environmental Protection Agency&#8217;s (EPA) layers with corresponding data for the northern part of the country, which are then classified by Forest Monitor into the same three conservation value classes. For the counties of Norrbotten, Dalarna, J\u00e4mtland, V\u00e4sternorrland and V\u00e4sterbotten, the mapping has been made more precise by the EPA\/Metria and contains fewer errors, this also applies to the sub-alpine forests. The map layers also include data from the Swedish Forest Agency and the EPA which show, for example, formally protected forests and logging notifications (forests planned to be clear-cut\/logged). Please note that there is a time lag and a margin of error which means that newer clear-cuts and loggings that have not been detected by the Swedish Forest Agency for some time may appear as older forest in our and the EPA&#8217;s data.<br \/>\n<\/h6>\n<\/div>\n","protected":false},"excerpt":{"rendered":"<p>Below you can explore the map. You can turn different layers on and off. These can be found at the top right corner of the map. You can zoom in and out and move around on the map. You can also draw and make measurements on the map, as well as share and export maps. [&hellip;]<\/p>\n","protected":false},"author":2,"featured_media":0,"parent":0,"menu_order":20,"comment_status":"closed","ping_status":"closed","template":"","meta":{"give_campaign_id":0,"footnotes":""},"class_list":["post-1504","page","type-page","status-publish","hentry"],"acf":[],"campaignId":"","_links":{"self":[{"href":"https:\/\/skogsmonitor.se\/en\/wp-json\/wp\/v2\/pages\/1504","targetHints":{"allow":["GET"]}}],"collection":[{"href":"https:\/\/skogsmonitor.se\/en\/wp-json\/wp\/v2\/pages"}],"about":[{"href":"https:\/\/skogsmonitor.se\/en\/wp-json\/wp\/v2\/types\/page"}],"author":[{"embeddable":true,"href":"https:\/\/skogsmonitor.se\/en\/wp-json\/wp\/v2\/users\/2"}],"replies":[{"embeddable":true,"href":"https:\/\/skogsmonitor.se\/en\/wp-json\/wp\/v2\/comments?post=1504"}],"version-history":[{"count":30,"href":"https:\/\/skogsmonitor.se\/en\/wp-json\/wp\/v2\/pages\/1504\/revisions"}],"predecessor-version":[{"id":2866,"href":"https:\/\/skogsmonitor.se\/en\/wp-json\/wp\/v2\/pages\/1504\/revisions\/2866"}],"wp:attachment":[{"href":"https:\/\/skogsmonitor.se\/en\/wp-json\/wp\/v2\/media?parent=1504"}],"curies":[{"name":"wp","href":"https:\/\/api.w.org\/{rel}","templated":true}]}}